{"id":5212,"date":"2014-11-21T03:54:51","date_gmt":"2014-11-21T01:54:51","guid":{"rendered":"http:\/\/errante.com.br\/?page_id=5212"},"modified":"2014-11-21T03:54:51","modified_gmt":"2014-11-21T01:54:51","slug":"mergulhos","status":"publish","type":"page","link":"https:\/\/errante.com.br\/en\/mergulhos\/","title":{"rendered":"Scuba Diving"},"content":{"rendered":"<p><\/p>\n<p style=\"text-align: center;\"><span style=\"color: #000000;\"><a onclick=\"javascript:pageTracker._trackPageview('\/downloads\/wp-content\/uploads\/2013\/03\/Fotor031704612.jpg');\"  href=\"http:\/\/errante.com.br\/wp-content\/uploads\/2013\/03\/Fotor031704612.jpg\"><img loading=\"lazy\" decoding=\"async\" class=\"aligncenter size-large wp-image-3582\" alt=\"Fotor031704612\" src=\"http:\/\/errante.com.br\/wp-content\/uploads\/2013\/03\/Fotor031704612-600x152.jpg\" width=\"600\" height=\"152\" srcset=\"https:\/\/errante.com.br\/wp-content\/uploads\/2013\/03\/Fotor031704612-600x152.jpg 600w, https:\/\/errante.com.br\/wp-content\/uploads\/2013\/03\/Fotor031704612-300x76.jpg 300w, https:\/\/errante.com.br\/wp-content\/uploads\/2013\/03\/Fotor031704612-1x1.jpg 1w, https:\/\/errante.com.br\/wp-content\/uploads\/2013\/03\/Fotor031704612.jpg 1020w\" sizes=\"auto, (max-width: 600px) 100vw, 600px\" \/><\/a>Below I have a list of dive sites and snorkeling in Errante. <\/span><\/p>\n<p><span style=\"color: #000000;\">In<strong><\/strong><strong> Honduras<\/strong>, April 2013<\/span><\/p>\n<ul>\n<li><a href=\"http:\/\/errante.com.br\/en\/aventuras\/mergulho-aventuras\/mergulhos-em-utila-1o-dia\/\">Diving in Utila &#8211; 1st day<\/a><\/li>\n<li><a title=\"Permalink to Diving in Utila \u2013 2nd day, Honduras 2013\" href=\"http:\/\/errante.com.br\/en\/aventuras\/mergulho-aventuras\/mergulho-utila-2\/\">Diving in Utila \u2013 2nd day<\/a><\/li>\n<li><a title=\"Permalink to Diving in Utila \u2013 3rd day, Honduras 2013\" href=\"http:\/\/errante.com.br\/en\/aventuras\/mergulho-aventuras\/utila-3\/\">Diving in Utila \u2013 3rd day<\/a><\/li>\n<li><a title=\"Permalink to Diving in Utila \u2013 4th day\" href=\"http:\/\/errante.com.br\/en\/aventuras\/mergulho-aventuras\/utila-4\/\">Diving in Utila \u2013 4th day<\/a><\/li>\n<\/ul>\n<p><span style=\"color: #000000;\">In <strong>Belize<\/strong>, April 2013<\/span><\/p>\n<ul>\n<li><a title=\"Permalink to Caye Caulker, Belize 2013\" href=\"http:\/\/errante.com.br\/en\/lugares\/america\/belize-2013\/caye-caulker\/\">Caye Caulker (Belize 2013)<\/a><\/li>\n<li><a title=\"Permalink to Grande Buraco Azul \u2013 Great Blue Hole\" href=\"http:\/\/errante.com.br\/en\/aventuras\/mergulho-aventuras\/grande-buraco-azul-great-blue-hole\/\">Great Blue Hole (Belize 2013)<\/a><\/li>\n<li><a title=\"Permalink to Caye Ambergris, Belize 2013\" href=\"http:\/\/errante.com.br\/en\/lugares\/america\/belize-2013\/caye-ambergris\/\">Caye Ambergris (Belize 2013)<\/a><\/li>\n<li><a title=\"Permalink to Caye Ambergris, Belize 2013\" href=\"http:\/\/errante.com.br\/en\/aventuras\/mergulho-aventuras\/mergulho-ambergris\/\">Dive in Caye Ambergris (Belize 2013)<\/a><\/li>\n<li><a title=\"Permalink to Caye Ambergris, Belize 2013\" href=\"http:\/\/errante.com.br\/en\/lugares\/america\/belize-2013\/mergulho-com-tubaroes\/\">Diving with sharks (Belize 2013)<\/a><\/li>\n<\/ul>\n<p><span style=\"color: #000000;\">In <strong>Los Roques<\/strong>, Venezuela 2012<\/span><\/p>\n<ul>\n<li><a title=\"Permalink to Los Roques scuba dive info\" href=\"http:\/\/errante.com.br\/en\/lugares\/america\/venezuela-2012\/info-dive-losroques\/\">Los Roques scuba dive info<\/a><\/li>\n<li><a title=\"Permalink to Diving in Los Roques\" href=\"http:\/\/errante.com.br\/en\/lugares\/america\/venezuela-2012\/mergulhos-em-los-roques\/\">Diving in Los Roques<\/a> (videos)<\/li>\n<li><a title=\"Permalink to First day of diving in Los Roques\" href=\"http:\/\/errante.com.br\/en\/lugares\/america\/1-mergulho-los-roques\/\">First day of diving in Los Roques<\/a><\/li>\n<li><a title=\"Permalink to First day of diving in Los Roques\" href=\"http:\/\/errante.com.br\/en\/lugares\/america\/1-mergulho-los-roques\/\">Pablo and Otto \u2013 divemaster in Los Roques<\/a><\/li>\n<li><a href=\"http:\/\/errante.com.br\/en\/lugares\/america\/el-morrito-ponto-de-mergulho-em-los-roques\/\" rel=\"bookmark\">El Morrito \u2013 dive site in Los Roques<\/a><\/li>\n<li><a title=\"Permalink to Interview with Otto Daniel Naranjo \u2013 Divemaster\" href=\"http:\/\/errante.com.br\/en\/lugares\/america\/entrevista-otto\/\">Interview with Otto Daniel Naranjo \u2013 Divemaster<\/a><\/li>\n<li><a title=\"Permalink to Night Snorkeling\" href=\"http:\/\/errante.com.br\/en\/lugares\/america\/snorkel-noturno\/\">Night Snorkeling<\/a><\/li>\n<li><a title=\"Permalink to Nearby islands \u2013 Francisqu\u00ed and Madrisqu\u00ed\" href=\"http:\/\/errante.com.br\/en\/lugares\/america\/francisqui-madrisqui\/\">Nearby islands \u2013 Francisqu\u00ed and Madrisqu\u00ed<\/a><\/li>\n<li><a title=\"Permalink to Noronsqu\u00ed, Crasqu\u00ed and Rabusqu\u00ed\" href=\"http:\/\/errante.com.br\/en\/lugares\/america\/crasqui\/\">Noronsqu\u00ed, Crasqu\u00ed and Rabusqu\u00ed<\/a><\/li>\n<li><a title=\"Permalink to Dos Mosquices e Cayo de Agua\" href=\"http:\/\/errante.com.br\/lugares\/america\/cayo-de-agua\/\">Dos Mosquices and Cayo de Agua<\/a><\/li>\n<li><a title=\"Permalink to Dos Mosquices e Cayo de Agua\" href=\"http:\/\/errante.com.br\/lugares\/america\/cayo-de-agua\/\">Gran Roque, Los Roques<\/a><\/li>\n<\/ul>\n<p><span style=\"color: #000000;\">At <strong>Great Barrier Reef<\/strong>, Australia 2012<\/span><\/p>\n<ul>\n<li><a title=\"Permalink to Great Barrier Reef dive info\" href=\"http:\/\/errante.com.br\/en\/lugares\/oceania\/australia\/dive-info\/\">Great Barrier Reef dive info<\/a><\/li>\n<li><a title=\"Permalink to Great Barrier Reef diving\" href=\"http:\/\/errante.com.br\/en\/lugares\/oceania\/australia\/grande-barreira-de-corais\/\">Great Barrier Reef diving<\/a><\/li>\n<li><a title=\"Permalink to My dive buddy\" href=\"http:\/\/errante.com.br\/en\/lugares\/oceania\/australia\/minha-companheira-de-mergulho\/\">My dive buddy<\/a><\/li>\n<li><a title=\"Permalink to The first dive day\" href=\"http:\/\/errante.com.br\/en\/lugares\/oceania\/australia\/o-primeiro-dia-de-mergulhoo-primeiro-dia-de-mergulho\/\">The first dive day<\/a><\/li>\n<li><a title=\"Permalink to Dive trip group photo\" href=\"http:\/\/errante.com.br\/en\/lugares\/oceania\/australia\/foto-do-grupo-da-viagem-de-mergulho\/\">Dive trip group photo<\/a><\/li>\n<li><a title=\"Permalink to Boarding to dive\" href=\"http:\/\/errante.com.br\/en\/lugares\/oceania\/australia\/zarpando-pros-mergulhos\/\">Boarding to dive<\/a><\/li>\n<\/ul>\n<p title=\"Permalink to Info dos mergulhos em Los Roques\"><span style=\"color: #333333;\">In <strong>San Andres<\/strong>, Colombia, 2011 (soon)<\/span><\/p>\n<p title=\"Permalink to Info dos mergulhos em Los Roques\"><span style=\"color: #333333;\">In <strong>Isla Catalina<\/strong>, Dominican Republic, 2011 (soon) <\/span><\/p>\n<p title=\"Permalink to Info dos mergulhos em Los Roques\"><span style=\"color: #333333;\">In <strong>Pulau<\/strong><wbr \/> <strong>Perhentian<\/strong>, Malasia, 2008 (soon) <\/span><\/p>\n<p title=\"Permalink to Info dos mergulhos em Los Roques\"><span style=\"color: #000000;\">In <strong>Koh Tao, Maya Bay and Koh Bida Nok<\/strong>, Tailand, 2004 <\/span><\/p>\n<ul>\n<li><a title=\"Permalink to Koh Samui \u2013 Bo Phut\" href=\"http:\/\/errante.com.br\/en\/lugares\/asia\/koh-samui-bo-phut\/\">Koh Tao (Koh Samui \u2013 Bo Phut)<\/a><\/li>\n<li><a title=\"Permalink to Koh Samui \u2013 Bo Phut\" href=\"http:\/\/errante.com.br\/en\/lugares\/asia\/koh-samui-bo-phut\/\">Krabi \u2013 Ao Nang \u2013 Phang Nga<\/a><\/li>\n<\/ul>\n<p title=\"Permalink to Info dos mergulhos em Los Roques\">In <strong>Bodrum<\/strong>, Turquia 2002<\/p>\n<ul>\n<li><a title=\"Permalink to Bodrum\" href=\"http:\/\/errante.com.br\/lugares\/europa\/bodrum\/\">Bodrum<\/a><\/li>\n<\/ul>\n<p title=\"Permalink to Info dos mergulhos em Los Roques\">In <strong>Catalonia<\/strong>, Spain 2002<\/p>\n<ul>\n<li><a title=\"Permalink to LLoret de Mar \u2013 beach and diving\" href=\"http:\/\/errante.com.br\/en\/lugares\/europa\/espanha\/catalunha-2003\/lloret-de-mar-praia-e-mergulho\/\">LLoret de Mar \u2013 beach and diving<\/a><\/li>\n<li><a title=\"Permalink to Palam\u00f3s \u2013 beach and diving\" href=\"http:\/\/errante.com.br\/en\/lugares\/europa\/espanha\/catalunha-2003\/palamos-praia-e-mergulho\/\">Palam\u00f3s \u2013 beach and diving<\/a><\/li>\n<\/ul>\n<p title=\"Permalink to Info dos mergulhos em Los Roques\"><span style=\"color: #000000;\">In <strong>Fernando de Noronha<\/strong>, Brazil 2003<\/span><\/p>\n<ul>\n<li><a title=\"Permalink to Fernando de Noronha\" href=\"http:\/\/errante.com.br\/en\/lugares\/america\/fernando-de-noronha\/\">Fernando de Noronha<\/a><\/li>\n<\/ul>\n<p><span style=\"color: #000000;\">In <strong>Gal\u00e1pagos<\/strong>, Equador 2001 <\/span><\/p>\n<ul>\n<li><a title=\"Permalink to Gal\u00e1pagos \u2013 Santa Cruz Island\" href=\"http:\/\/errante.com.br\/en\/lugares\/america\/galapagos-isla-santa-cruz\/\">Gal\u00e1pagos \u2013 Santa Cruz Island<\/a><\/li>\n<\/ul>\n<p><\/p>\n<!-- AddThis Advanced Settings generic via filter on the_content --><!-- AddThis Share Buttons generic via filter on the_content -->","protected":false},"excerpt":{"rendered":"<p>Below I have a list of dive sites and snorkeling in Errante. In Honduras, April 2013 Diving in Utila &#8211; 1st day Diving in Utila \u2013 2nd day Diving in Utila \u2013 3rd day Diving in Utila \u2013 4th day In Belize, April 2013 Caye Caulker (Belize 2013) Great Blue Hole (Belize 2013) Caye Ambergris [&hellip;]<!-- AddThis Advanced Settings generic via filter on get_the_excerpt --><!-- AddThis Share Buttons generic via filter on get_the_excerpt --><\/p>\n","protected":false},"author":1,"featured_media":0,"parent":0,"menu_order":0,"comment_status":"open","ping_status":"open","template":"","meta":{"footnotes":""},"class_list":["post-5212","page","type-page","status-publish","hentry"],"_links":{"self":[{"href":"https:\/\/errante.com.br\/en\/wp-json\/wp\/v2\/pages\/5212","targetHints":{"allow":["GET"]}}],"collection":[{"href":"https:\/\/errante.com.br\/en\/wp-json\/wp\/v2\/pages"}],"about":[{"href":"https:\/\/errante.com.br\/en\/wp-json\/wp\/v2\/types\/page"}],"author":[{"embeddable":true,"href":"https:\/\/errante.com.br\/en\/wp-json\/wp\/v2\/users\/1"}],"replies":[{"embeddable":true,"href":"https:\/\/errante.com.br\/en\/wp-json\/wp\/v2\/comments?post=5212"}],"version-history":[{"count":3,"href":"https:\/\/errante.com.br\/en\/wp-json\/wp\/v2\/pages\/5212\/revisions"}],"predecessor-version":[{"id":5215,"href":"https:\/\/errante.com.br\/en\/wp-json\/wp\/v2\/pages\/5212\/revisions\/5215"}],"wp:attachment":[{"href":"https:\/\/errante.com.br\/en\/wp-json\/wp\/v2\/media?parent=5212"}],"curies":[{"name":"wp","href":"https:\/\/api.w.org\/{rel}","templated":true}]}}