{"id":5497,"date":"2015-01-28T16:51:33","date_gmt":"2015-01-28T14:51:33","guid":{"rendered":"http:\/\/errante.com.br\/?page_id=5497"},"modified":"2018-04-16T20:02:01","modified_gmt":"2018-04-16T18:02:01","slug":"europa-2","status":"publish","type":"page","link":"https:\/\/errante.com.br\/en\/europe\/","title":{"rendered":"Europe"},"content":{"rendered":"<p><\/p>\n<p style=\"text-align: justify;\"><img loading=\"lazy\" decoding=\"async\" class=\"aligncenter size-large wp-image-5518\" src=\"http:\/\/errante.com.br\/wp-content\/uploads\/2015\/01\/europa-600x143.jpg\" alt=\"europa\" width=\"600\" height=\"143\" srcset=\"https:\/\/errante.com.br\/wp-content\/uploads\/2015\/01\/europa-600x143.jpg 600w, https:\/\/errante.com.br\/wp-content\/uploads\/2015\/01\/europa-300x71.jpg 300w, https:\/\/errante.com.br\/wp-content\/uploads\/2015\/01\/europa-1x1.jpg 1w, https:\/\/errante.com.br\/wp-content\/uploads\/2015\/01\/europa.jpg 1024w\" sizes=\"auto, (max-width: 600px) 100vw, 600px\" \/>A Europa, o velho continente, cheia de hist\u00f3ria, arte, cultura, arquitetura&#8230; Linda e imponente. Foi um dos primeiros lugares que viajei sozinha, errante&#8230; Em 96, parti para uma viagem onde tivesse amigos. Comecei pela Alemanha, depois Fran\u00e7a, It\u00e1lia e Eslov\u00eania. Voltei algumas vezes para viagens curtas e uma est\u00e2ncia de um m\u00eas em Paris para melhorar meu franc\u00eas.<\/p>\n<p style=\"text-align: justify;\">Em 2001, embarco para 4 anos na Europa, desta vez para fazer doutorado na Espanha. Minha primeira viagem pelo continente foi para conhecer o <a href=\"http:\/\/errante.com.br\/lugares\/europa\/leste-europeu\/leste-europeu-2002\/\">Leste da Europa<\/a> nas f\u00e9rias de 2002. Depois, aproveitei finais de semana para fazer \u201cescapadas\u201d pela <a href=\"http:\/\/errante.com.br\/lugares\/europa\/leste-europeu\/leste-europeu-2002\/\">Catalunha e arredores para mergulhar e viajar em bicicleta<\/a>.<\/p>\n<p style=\"text-align: justify;\">No ver\u00e3o de 2003, nas f\u00e9rias, decidi passar um m\u00eas estudando alem\u00e3o em Berlim e depois conhecer um pouco do pa\u00eds no meu caminho a Linz para um festival de arte eletr\u00f4nica. J\u00e1 tinha estado um m\u00eas em Paris estudando franc\u00eas em 1999 e tinha adorado a experi\u00eancia. Adoro a rotina em uma nova metr\u00f3pole. Chamei esta viagem de &#8220;<a href=\"http:\/\/errante.com.br\/category\/lugares\/europa\/aprender-alemao-2003\/\">Aprender Alem\u00e3o<\/a>&#8220;.<\/p>\n<p style=\"text-align: justify;\">Em 2004, aproveitando a visita de minha m\u00e3e, juntei trabalho com lazer.\u00a0 Fomos juntas conhecer a <a href=\"http:\/\/errante.com.br\/category\/lugares\/europa\/escandinavia-baltico-2004\/\">Escandin\u00e1via e o B\u00e1ltico<\/a> na ocasi\u00e3o do simp\u00f3sio da ISEA 2004.<\/p>\n<p style=\"text-align: justify;\">Como sou apaixonada por <a href=\"http:\/\/errante.com.br\/category\/lugares\/europa\/ilhas-no-mediterraneo\/\">ilhas<\/a>, nos 4 anos morando na Europa tentei conhecer algumas delas como Ibiza, <a href=\"http:\/\/errante.com.br\/en\/lugares\/europa\/espanha\/mallorca\/\">Mallorca<\/a>, Menorca,\u00a0<a href=\"http:\/\/errante.com.br\/lugares\/europa\/sardenha\/\">Sardenha<\/a>. <a href=\"http:\/\/errante.com.br\/category\/lugares\/europa\/ilhas-no-mediterraneo\/\">Ilhas<\/a> sempre me fascinaram, claro, pois sou uma apaixonada pelo mar.<\/p>\n<p style=\"text-align: justify;\">Em 2014, volto a morar na Europa, desta vez em Berlim por um ano. Tenho uma rela\u00e7\u00e3o um pouco de amor e de indiferen\u00e7a pela Europa. Ao mesmo tempo que acho tudo lindo, hist\u00f3ria por todo lado, cidadania, inveja dos servi\u00e7os p\u00fablicos deles, tamb\u00e9m acho tudo muito parecido e muito tur\u00edstico. Adoro a Europa para morar, mas n\u00e3o \u00e9 minha prioridade em lugares para viajar.<\/p>\n<p style=\"text-align: justify;\">Neste mesmo ano, descobri uma forma de viajar pela Europa que me seduziu muito: o cicloturismo. Aquilo que me incomoda em \u201cviagens tradicionais\u201d &#8211; cheio de gente por todo lado, pouco contato com a natureza, tudo muito regrado, sinalizado, organizado&#8230;- me d\u00e1 seguran\u00e7a nas as viagens de bicicleta, pois sei que sempre em 30 ou 50km vai ter um povoado. O contato com a natureza \u00e9 muito maior que nas viagens t\u00edpicas em capitais e cidades hist\u00f3ricas. Descobri meu modo de viajar pelo continente no <a href=\"http:\/\/errante.com.br\/category\/lugares\/europa\/alemanha\/\">Cicloturismo pela Alemanha<\/a>.<\/p>\n<p>Lista de lugares pela Europa<\/p>\n<ul>\n<li><strong><a title=\"View all posts in Cicloturismo na Alemanha\" href=\"http:\/\/errante.com.br\/category\/lugares\/europa\/alemanha\/\" rel=\"category tag\">Cicloturismo na Alemanha <\/a><\/strong>, 2014<\/li>\n<li><a href=\"http:\/\/errante.com.br\/category\/lugares\/europa\/ilhas-no-mediterraneo\/\"><strong>Ilhas no Mediterr\u00e2neo<\/strong><\/a>\u00a0 [<a title=\"View all posts in Mallorca 2004\" href=\"http:\/\/errante.com.br\/category\/lugares\/europa\/espanha\/mallorca-2004\/\" rel=\"category tag\">Mallorca<\/a> e Menorca, <a href=\"http:\/\/errante.com.br\/category\/lugares\/europa\/espanha\/\">Espanha<\/a>; <a href=\"http:\/\/errante.com.br\/lugares\/europa\/sardenha\/\">Sardenha<\/a>, <a title=\"View all posts in It\u00e1lia\" href=\"http:\/\/errante.com.br\/category\/lugares\/europa\/italia\/\" rel=\"category tag\">It\u00e1lia<\/a>]<\/li>\n<li><a title=\"View all posts in Escandin\u00e1via - B\u00e1ltico 2004\" href=\"http:\/\/errante.com.br\/category\/lugares\/europa\/escandinavia-baltico-2004\/\" rel=\"category tag\"><strong>Escandin\u00e1via &#8211; B\u00e1ltico<\/strong><\/a>, 2004 [<a title=\"Permalink to Navio Estocolmo \u2013 Mariehamn \u2013 Tallin\" href=\"http:\/\/errante.com.br\/lugares\/europa\/navio-estocolmo\/\">Navio Estocolmo \u2013 Mariehamn \u2013 Tallin <\/a>, <a title=\"Permalink to Tallinn\" href=\"http:\/\/errante.com.br\/lugares\/europa\/tallinn\/\">Tallinn<\/a>, <a title=\"Permalink to Helsinque\" href=\"http:\/\/errante.com.br\/lugares\/europa\/helsinque\/\">Helsinque<\/a>, <a title=\"Permalink to Estocolmo\" href=\"http:\/\/errante.com.br\/lugares\/europa\/estocolmo\/\">Estocolmo<\/a>, <a title=\"Permalink to Oslo\" href=\"http:\/\/errante.com.br\/lugares\/europa\/oslo\/\">Oslo<\/a>]<\/li>\n<li><strong><a href=\"http:\/\/errante.com.br\/category\/lugares\/europa\/espanha\/catalunha-2003\/\">Pedalada e mergulho na Catalunha<\/a><\/strong> 2003<\/li>\n<li><strong><a title=\"View all posts in Aprender Alem\u00e3o 2003\" href=\"http:\/\/errante.com.br\/category\/lugares\/europa\/aprender-alemao-2003\/\" rel=\"category tag\">Aprender Alem\u00e3o<\/a><\/strong>, 2003 [<a href=\"http:\/\/errante.com.br\/lugares\/europa\/berlim-primeira-semana\/#.VLrP7yfvPW9\">Berlim<\/a>, <a title=\"Permalink to Potsdam\" href=\"http:\/\/errante.com.br\/lugares\/europa\/potsdam\/\">Potsdam <\/a>, <a title=\"Permalink to Dresden\" href=\"http:\/\/errante.com.br\/lugares\/europa\/dresden\/\">Dresden<\/a>, <a title=\"Permalink to Leipzig\" href=\"http:\/\/errante.com.br\/lugares\/europa\/leipzig\/\">Leipzig<\/a>, <a title=\"Permalink to Weimar\" href=\"http:\/\/errante.com.br\/lugares\/europa\/weimar\/\">Weimar<\/a>, <a title=\"Permalink to Karlsruhe\" href=\"http:\/\/errante.com.br\/lugares\/europa\/karlsruhe\/\">Karlsruhe<\/a>, <a title=\"Permalink to Munique\" href=\"http:\/\/errante.com.br\/lugares\/europa\/munique\/\">Munique<\/a>, <a href=\"http:\/\/errante.com.br\/en\/lugares\/europa\/linz\/#.WtTijsgh0o8\">Linz<\/a>]<\/li>\n<li><a title=\"Permalink to Viagem pelo Leste Europeu 2002\" href=\"http:\/\/errante.com.br\/lugares\/europa\/leste-europeu\/leste-europeu-2002\/\"><strong>Viagem pelo Leste Europeu<\/strong><\/a>, 2002 [<a title=\"Permalink to S\u00e3o Petersburgo e Peterhof\" href=\"http:\/\/errante.com.br\/lugares\/europa\/sao-petersburgo-e-peterhof\/\">S\u00e3o Petersburgo e Peterhof<\/a>, <a title=\"Permalink to Moscou\" href=\"http:\/\/errante.com.br\/lugares\/europa\/moscou\/\">Moscou<\/a>, <a title=\"Permalink to Sergiev Posad\" href=\"http:\/\/errante.com.br\/lugares\/europa\/sergiev-posad\/\">Sergiev Posad<\/a>, <a title=\"Permalink to Klin \u2013 Museu do Tchaykovsky\" href=\"http:\/\/errante.com.br\/lugares\/europa\/klin-museu-do-tchaykovsky\/\">Klin \u2013 Museu do Tchaykovsky<\/a>, <a title=\"Permalink to Trem de Moscou \u2013 Vars\u00f3via passando por Belarussia\" href=\"http:\/\/errante.com.br\/lugares\/europa\/trem-de-moscou-varsovia-passando-por-belarussia\/\">Trem de Moscou \u2013 Vars\u00f3via passando por Belarussia<\/a>, <a title=\"Permalink to Vars\u00f3via\" href=\"http:\/\/errante.com.br\/lugares\/europa\/varsovia\/\">Vars\u00f3via<\/a>, <a title=\"Permalink to Berlim\" href=\"http:\/\/errante.com.br\/lugares\/europa\/berlim\/\">Berlim<\/a>, <a title=\"Permalink to Praga\" href=\"http:\/\/errante.com.br\/lugares\/europa\/praga\/\">Praga<\/a>, <a href=\"http:\/\/errante.com.br\/lugares\/europa\/viena-e-arredores\/\">Viena<\/a>, <a title=\"Permalink to Bratislava\" href=\"http:\/\/errante.com.br\/lugares\/europa\/bratislava\/\">Bratislava<\/a>, <a title=\"Permalink to Budapeste\" href=\"http:\/\/errante.com.br\/lugares\/europa\/budapeste\/\">Budapeste<\/a>]<\/li>\n<\/ul>\n<p><\/p>\n<!-- AddThis Advanced Settings generic via filter on the_content --><!-- AddThis Share Buttons generic via filter on the_content -->","protected":false},"excerpt":{"rendered":"<p>A Europa, o velho continente, cheia de hist\u00f3ria, arte, cultura, arquitetura&#8230; Linda e imponente. Foi um dos primeiros lugares que viajei sozinha, errante&#8230; Em 96, parti para uma viagem onde tivesse amigos. Comecei pela Alemanha, depois Fran\u00e7a, It\u00e1lia e Eslov\u00eania. Voltei algumas vezes para viagens curtas e uma est\u00e2ncia de um m\u00eas em Paris para [&hellip;]<!-- AddThis Advanced Settings generic via filter on get_the_excerpt --><!-- AddThis Share Buttons generic via filter on get_the_excerpt --><\/p>\n","protected":false},"author":1,"featured_media":0,"parent":0,"menu_order":0,"comment_status":"open","ping_status":"open","template":"","meta":{"footnotes":""},"class_list":["post-5497","page","type-page","status-publish","hentry"],"_links":{"self":[{"href":"https:\/\/errante.com.br\/en\/wp-json\/wp\/v2\/pages\/5497","targetHints":{"allow":["GET"]}}],"collection":[{"href":"https:\/\/errante.com.br\/en\/wp-json\/wp\/v2\/pages"}],"about":[{"href":"https:\/\/errante.com.br\/en\/wp-json\/wp\/v2\/types\/page"}],"author":[{"embeddable":true,"href":"https:\/\/errante.com.br\/en\/wp-json\/wp\/v2\/users\/1"}],"replies":[{"embeddable":true,"href":"https:\/\/errante.com.br\/en\/wp-json\/wp\/v2\/comments?post=5497"}],"version-history":[{"count":26,"href":"https:\/\/errante.com.br\/en\/wp-json\/wp\/v2\/pages\/5497\/revisions"}],"predecessor-version":[{"id":6598,"href":"https:\/\/errante.com.br\/en\/wp-json\/wp\/v2\/pages\/5497\/revisions\/6598"}],"wp:attachment":[{"href":"https:\/\/errante.com.br\/en\/wp-json\/wp\/v2\/media?parent=5497"}],"curies":[{"name":"wp","href":"https:\/\/api.w.org\/{rel}","templated":true}]}}